{"id":1417,"date":"2023-05-04T12:32:24","date_gmt":"2023-05-04T12:32:24","guid":{"rendered":"https:\/\/gwn-namborn.de\/?page_id=1417"},"modified":"2025-03-31T09:46:44","modified_gmt":"2025-03-31T09:46:44","slug":"amselweg","status":"publish","type":"page","link":"https:\/\/gwn-namborn.de\/?page_id=1417","title":{"rendered":"Amselweg"},"content":{"rendered":"\t\t<div data-elementor-type=\"wp-page\" data-elementor-id=\"1417\" class=\"elementor elementor-1417\">\n\t\t\t\t\t\t<section class=\"elementor-section elementor-top-section elementor-element elementor-element-fba7575 elementor-section-boxed elementor-section-height-default elementor-section-height-default wpr-particle-no wpr-jarallax-no wpr-parallax-no wpr-sticky-section-no wpr-equal-height-no\" data-id=\"fba7575\" data-element_type=\"section\" data-e-type=\"section\">\n\t\t\t\t\t\t<div class=\"elementor-container elementor-column-gap-default\">\n\t\t\t\t\t<div class=\"elementor-column elementor-col-100 elementor-top-column elementor-element elementor-element-2898f6f\" data-id=\"2898f6f\" data-element_type=\"column\" data-e-type=\"column\">\n\t\t\t<div class=\"elementor-widget-wrap elementor-element-populated\">\n\t\t\t\t\t\t<div class=\"elementor-element elementor-element-a5facee elementor-widget elementor-widget-heading\" data-id=\"a5facee\" data-element_type=\"widget\" data-e-type=\"widget\" data-widget_type=\"heading.default\">\n\t\t\t\t<div class=\"elementor-widget-container\">\n\t\t\t\t\t<h2 class=\"elementor-heading-title elementor-size-default\">Amselweg<\/h2>\t\t\t\t<\/div>\n\t\t\t\t<\/div>\n\t\t\t\t<div class=\"elementor-element elementor-element-685529c elementor-widget-divider--view-line elementor-widget elementor-widget-divider\" data-id=\"685529c\" data-element_type=\"widget\" data-e-type=\"widget\" data-widget_type=\"divider.default\">\n\t\t\t\t<div class=\"elementor-widget-container\">\n\t\t\t\t\t\t\t<div class=\"elementor-divider\">\n\t\t\t<span class=\"elementor-divider-separator\">\n\t\t\t\t\t\t<\/span>\n\t\t<\/div>\n\t\t\t\t\t\t<\/div>\n\t\t\t\t<\/div>\n\t\t\t\t\t<\/div>\n\t\t<\/div>\n\t\t\t\t\t<\/div>\n\t\t<\/section>\n\t\t\t\t<section class=\"elementor-section elementor-top-section elementor-element elementor-element-a8b1f1a elementor-section-boxed elementor-section-height-default elementor-section-height-default wpr-particle-no wpr-jarallax-no wpr-parallax-no wpr-sticky-section-no wpr-equal-height-no\" data-id=\"a8b1f1a\" data-element_type=\"section\" data-e-type=\"section\">\n\t\t\t\t\t\t<div class=\"elementor-container elementor-column-gap-default\">\n\t\t\t\t\t<div class=\"elementor-column elementor-col-50 elementor-top-column elementor-element elementor-element-1c25370\" data-id=\"1c25370\" data-element_type=\"column\" data-e-type=\"column\">\n\t\t\t<div class=\"elementor-widget-wrap elementor-element-populated\">\n\t\t\t\t\t\t<div class=\"elementor-element elementor-element-85ea6ea elementor-widget elementor-widget-image\" data-id=\"85ea6ea\" data-element_type=\"widget\" data-e-type=\"widget\" data-widget_type=\"image.default\">\n\t\t\t\t<div class=\"elementor-widget-container\">\n\t\t\t\t\t\t\t\t\t\t\t\t\t\t\t<img fetchpriority=\"high\" decoding=\"async\" width=\"302\" height=\"361\" src=\"https:\/\/gwn-namborn.de\/wp-content\/uploads\/2023\/01\/NBG-Auf-Hirtenflur-Amselweg.png\" class=\"attachment-large size-large wp-image-1105\" alt=\"\" srcset=\"https:\/\/gwn-namborn.de\/wp-content\/uploads\/2023\/01\/NBG-Auf-Hirtenflur-Amselweg.png 302w, https:\/\/gwn-namborn.de\/wp-content\/uploads\/2023\/01\/NBG-Auf-Hirtenflur-Amselweg-251x300.png 251w\" sizes=\"(max-width: 302px) 100vw, 302px\" \/>\t\t\t\t\t\t\t\t\t\t\t\t\t\t\t<\/div>\n\t\t\t\t<\/div>\n\t\t\t\t<div class=\"elementor-element elementor-element-c9d29e3 elementor-widget elementor-widget-wpr-google-maps\" data-id=\"c9d29e3\" data-element_type=\"widget\" data-e-type=\"widget\" data-settings=\"{&quot;gm_height&quot;:{&quot;unit&quot;:&quot;px&quot;,&quot;size&quot;:221,&quot;sizes&quot;:[]},&quot;gm_zoom_depth&quot;:{&quot;unit&quot;:&quot;px&quot;,&quot;size&quot;:17,&quot;sizes&quot;:[]},&quot;gm_height_tablet&quot;:{&quot;unit&quot;:&quot;px&quot;,&quot;size&quot;:&quot;&quot;,&quot;sizes&quot;:[]},&quot;gm_height_mobile&quot;:{&quot;unit&quot;:&quot;px&quot;,&quot;size&quot;:&quot;&quot;,&quot;sizes&quot;:[]}}\" data-widget_type=\"wpr-google-maps.default\">\n\t\t\t\t<div class=\"elementor-widget-container\">\n\t\t\t\t\t<div class=\"wpr-google-map\"  data-settings=\"{&quot;type&quot;:&quot;satellite&quot;,&quot;style&quot;:&quot;default&quot;,&quot;zoom_depth&quot;:17,&quot;zoom_on_scroll&quot;:&quot;yes&quot;,&quot;cluster_markers&quot;:&quot;&quot;,&quot;clusters_url&quot;:&quot;https:\\\/\\\/gwn-namborn.de\\\/wp-content\\\/plugins\\\/royal-elementor-addons\\\/assets\\\/js\\\/lib\\\/gmap\\\/clusters\\\/m&quot;,&quot;custom_style&quot;:&quot;&quot;}\" data-locations=\"[{&quot;gm_location_title&quot;:&quot;Neubaugebiet Amselweg&quot;,&quot;gm_latitude&quot;:&quot;49.492543&quot;,&quot;gm_longtitude&quot;:&quot;7.166101&quot;,&quot;gm_show_info_window&quot;:&quot;click&quot;,&quot;gm_info_window_width&quot;:{&quot;unit&quot;:&quot;px&quot;,&quot;size&quot;:258,&quot;sizes&quot;:[]},&quot;_id&quot;:&quot;30b851d&quot;,&quot;gm_location_description&quot;:&quot;&quot;,&quot;gm_marker_animation&quot;:&quot;none&quot;,&quot;gm_custom_marker&quot;:&quot;&quot;,&quot;gm_marker_icon&quot;:{&quot;url&quot;:&quot;&quot;,&quot;id&quot;:&quot;&quot;,&quot;size&quot;:&quot;&quot;},&quot;gm_marker_icon_size_width&quot;:{&quot;unit&quot;:&quot;px&quot;,&quot;size&quot;:35,&quot;sizes&quot;:[]},&quot;gm_marker_icon_size_height&quot;:{&quot;unit&quot;:&quot;px&quot;,&quot;size&quot;:35,&quot;sizes&quot;:[]}}]\" data-controls=\"{&quot;type&quot;:&quot;&quot;,&quot;fullscreen&quot;:&quot;yes&quot;,&quot;zoom&quot;:&quot;yes&quot;,&quot;streetview&quot;:&quot;yes&quot;}\"><\/div>\t\t\t\t<\/div>\n\t\t\t\t<\/div>\n\t\t\t\t\t<\/div>\n\t\t<\/div>\n\t\t\t\t<div class=\"elementor-column elementor-col-50 elementor-top-column elementor-element elementor-element-184c92f\" data-id=\"184c92f\" data-element_type=\"column\" data-e-type=\"column\">\n\t\t\t<div class=\"elementor-widget-wrap elementor-element-populated\">\n\t\t\t\t\t\t<div class=\"elementor-element elementor-element-dd0c59d wpr-pricing-table-animation-none wpr-pricing-table-heading-center elementor-widget elementor-widget-wpr-pricing-table\" data-id=\"dd0c59d\" data-element_type=\"widget\" data-e-type=\"widget\" data-widget_type=\"wpr-pricing-table.default\">\n\t\t\t\t<div class=\"elementor-widget-container\">\n\t\t\t\t\t\n\t<div class=\"wpr-pricing-table\">\n\t\t\n\t\t\t<div class=\"elementor-repeater-item-8ec8121 wpr-pricing-table-item wpr-pricing-table-heading wpr-pricing-table-item-first\">\t\t\n\t\t\t\n\t\t\t\n\t\t\t\t<div class=\"wpr-pricing-table-headding-inner\">\n\t\t\t\n\t\t\t\t\t\n\t\t\t\t\t\t\t\t\t\t\t<div class=\"wpr-pricing-table-title-wrap\">\n\t\t\t\t\t\t\t\t\n\t\t\t\t\t\t\t\t<h3 class=\"wpr-pricing-table-title\">Amselweg<\/h3>\n\t\t\t\t\t\t\t\n\t\t\t\t\t\t\t\t\n\t\t\t\t\t\t\t\t<span class=\"wpr-pricing-table-sub-title\">OT Baltersweiler<\/span>\n\t\t\t\t\t\t\t\t\t\t\t\t\t<\/div>\n\t\t\t\t\t\t\t\t\t<\/div>\t\t\n\t\t\n\t\t\t\n\t\t\t<\/div>\n\t\t\t\n\t\t\t<div class=\"elementor-repeater-item-2d72ab1 wpr-pricing-table-item wpr-pricing-table-price\">\t\t\n\t\t\t\n\t\t\t\n\t\t\t\t<div class=\"wpr-pricing-table-price-inner\">\n\t\t\t\t\t\n\t\t\t\t\t<span class=\"wpr-pricing-table-currency\">&#128;<\/span>\t\t\t\t\t\n\t\t\t\t\t\n\t\t\t\t\t\n\t\t\t\t\t\n\t\t\t\t\t\t\t\t\t<\/div>\n\n\t\t\t\t\t\n\t\t\t\t\t<div class=\"wpr-pricing-table-preiod\">wird noch bekanntgegeben<\/div>\n\t\t\t\t\t\t\n\t\t\t\n\t\t\t<\/div>\n\t\t\t\n\t\t\t<div class=\"elementor-repeater-item-47810e4 wpr-pricing-table-item wpr-pricing-table-divider\">\t\t\n\t\t\t\n\t\t\t\n\t\t\t\t<div class=\"wpr-pricing-table-divider\"><\/div>\n\t\t\t\t\n\t\t\t\n\t\t\t<\/div>\n\t\t\t\n\t\t\t<div class=\"elementor-repeater-item-b89ef82 wpr-pricing-table-item wpr-pricing-table-text\">\t\t\n\t\t\t\n\t\t\t\n\t\t\t\tLassen Sie sich jetzt auf die Interessentenliste setzen:\n\t\t\t\n\t\t\t<\/div>\n\t\t\t\n\t\t\t<div class=\"elementor-repeater-item-dd23336 wpr-pricing-table-item wpr-pricing-table-button\">\t\t\n\t\t\t\n\t\t\t\n\t\t\t\t<a class=\"wpr-pricing-table-btn wpr-button-effect wpr-button-none\" href=\"https:\/\/gwn-namborn.de\/?page_id=1360\">\n\t\t\t\t\t<span>\n\n\t\t\t\t\t\t\n\t\t\t\t\t\tBauplatz sichern\n\t\t\t\t\t\t\n\t\t\t\t\t<\/span>\n\t\t\t\t<\/a>\n\t\t\t\t\n\t\t\t\n\t\t\t<\/div>\n\t\t\t\n\t\t\t<div class=\"elementor-repeater-item-ac51db4 wpr-pricing-table-item wpr-pricing-table-divider\">\t\t\n\t\t\t\n\t\t\t\n\t\t\t\t<div class=\"wpr-pricing-table-divider\"><\/div>\n\t\t\t\t\n\t\t\t\n\t\t\t<\/div>\n\t\t\t\n\t\t\t<section class=\"elementor-repeater-item-94186a9 wpr-pricing-table-item wpr-pricing-table-feature\">\n\t\t\t\t<div class=\"wpr-pricing-table-feature-inner\">\n\t\t\t\t\t\t\t\t\t\t\t<i class=\"wpr-pricing-table-feature-icon fas fa-check-circle\"><\/i>\n\t\t\t\t\t\t\t\t\t\t\n\t\t\t\t\t<span class=\"wpr-pricing-table-feature-text wpr-pricing-table-ftext-line-\">\n\t\t\t\t\t\t<span>\n\t\t\t\t\t\tProvisionsfrei\t\t\t\t\t\t<\/span>\n\t\t\t\t\t<\/span>\n\n\t\t\t\t\t\t\t\t\t\t\t\t\n\t\t\t\t<\/div>\n\t\t\t<\/section>\n\n\t\t\t\n\t\t\t<section class=\"elementor-repeater-item-8ba03bd wpr-pricing-table-item wpr-pricing-table-feature\">\n\t\t\t\t<div class=\"wpr-pricing-table-feature-inner\">\n\t\t\t\t\t\t\t\t\t\t\t<i class=\"wpr-pricing-table-feature-icon fas fa-check-circle\"><\/i>\n\t\t\t\t\t\t\t\t\t\t\n\t\t\t\t\t<span class=\"wpr-pricing-table-feature-text wpr-pricing-table-ftext-line-\">\n\t\t\t\t\t\t<span>\n\t\t\t\t\t\tOhne Maklergeb\u00fchr\t\t\t\t\t\t<\/span>\n\t\t\t\t\t<\/span>\n\n\t\t\t\t\t\t\t\t\t\t\t\t\n\t\t\t\t<\/div>\n\t\t\t<\/section>\n\n\t\t\t\n\t\t\t<section class=\"elementor-repeater-item-c3e3119 wpr-pricing-table-item wpr-pricing-table-feature\">\n\t\t\t\t<div class=\"wpr-pricing-table-feature-inner\">\n\t\t\t\t\t\t\t\t\t\t\t<i class=\"wpr-pricing-table-feature-icon fas fa-check-circle\"><\/i>\n\t\t\t\t\t\t\t\t\t\t\n\t\t\t\t\t<span class=\"wpr-pricing-table-feature-text wpr-pricing-table-ftext-line-\">\n\t\t\t\t\t\t<span>\n\t\t\t\t\t\t10 Baupl\u00e4tze in Planung\t\t\t\t\t\t<\/span>\n\t\t\t\t\t<\/span>\n\n\t\t\t\t\t\t\t\t\t\t\t\t\n\t\t\t\t<\/div>\n\t\t\t<\/section>\n\n\t\t\t\n\t\t\t<section class=\"elementor-repeater-item-80820d9 wpr-pricing-table-item wpr-pricing-table-feature wpr-pricing-table-item-last\">\n\t\t\t\t<div class=\"wpr-pricing-table-feature-inner\">\n\t\t\t\t\t\t\t\t\t\t\t<i class=\"wpr-pricing-table-feature-icon fas fa-check-circle\"><\/i>\n\t\t\t\t\t\t\t\t\t\t\n\t\t\t\t\t<span class=\"wpr-pricing-table-feature-text wpr-pricing-table-ftext-line-\">\n\t\t\t\t\t\t<span>\n\t\t\t\t\t\tca. 6.600 m\u00b2 Plangebiet\t\t\t\t\t\t<\/span>\n\t\t\t\t\t<\/span>\n\n\t\t\t\t\t\t\t\t\t\t\t\t\n\t\t\t\t<\/div>\n\t\t\t<\/section>\n\n\t\t\t\t\t\t<div class=\"wpr-pricing-table-badge wpr-pricing-table-badge-flag wpr-pricing-table-badge-right\">\t\n\t\t\t\t<div class=\"wpr-pricing-table-badge-inner\">Interessentenliste verf\u00fcgbar<\/div>\t\n\t\t\t<\/div>\n\t\t\t<\/div>\n\n\t\t\t\t\t<\/div>\n\t\t\t\t<\/div>\n\t\t\t\t\t<\/div>\n\t\t<\/div>\n\t\t\t\t\t<\/div>\n\t\t<\/section>\n\t\t\t\t<section class=\"elementor-section elementor-top-section elementor-element elementor-element-dd9ffb2 elementor-section-boxed elementor-section-height-default elementor-section-height-default wpr-particle-no wpr-jarallax-no wpr-parallax-no wpr-sticky-section-no wpr-equal-height-no\" data-id=\"dd9ffb2\" data-element_type=\"section\" data-e-type=\"section\">\n\t\t\t\t\t\t<div class=\"elementor-container elementor-column-gap-default\">\n\t\t\t\t\t<div class=\"elementor-column elementor-col-100 elementor-top-column elementor-element elementor-element-0951c44\" data-id=\"0951c44\" data-element_type=\"column\" data-e-type=\"column\">\n\t\t\t<div class=\"elementor-widget-wrap elementor-element-populated\">\n\t\t\t\t\t\t<div class=\"elementor-element elementor-element-fdaa28e elementor-widget elementor-widget-spacer\" data-id=\"fdaa28e\" data-element_type=\"widget\" data-e-type=\"widget\" data-widget_type=\"spacer.default\">\n\t\t\t\t<div class=\"elementor-widget-container\">\n\t\t\t\t\t\t\t<div class=\"elementor-spacer\">\n\t\t\t<div class=\"elementor-spacer-inner\"><\/div>\n\t\t<\/div>\n\t\t\t\t\t\t<\/div>\n\t\t\t\t<\/div>\n\t\t\t\t\t<\/div>\n\t\t<\/div>\n\t\t\t\t\t<\/div>\n\t\t<\/section>\n\t\t\t\t<section class=\"elementor-section elementor-top-section elementor-element elementor-element-4406b32 elementor-section-boxed elementor-section-height-default elementor-section-height-default wpr-particle-no wpr-jarallax-no wpr-parallax-no wpr-sticky-section-no wpr-equal-height-no\" data-id=\"4406b32\" data-element_type=\"section\" data-e-type=\"section\">\n\t\t\t\t\t\t<div class=\"elementor-container elementor-column-gap-default\">\n\t\t\t\t\t<div class=\"elementor-column elementor-col-100 elementor-top-column elementor-element elementor-element-f779c19\" data-id=\"f779c19\" data-element_type=\"column\" data-e-type=\"column\">\n\t\t\t<div class=\"elementor-widget-wrap elementor-element-populated\">\n\t\t\t\t\t\t<div class=\"elementor-element elementor-element-06203bb elementor-widget elementor-widget-heading\" data-id=\"06203bb\" data-element_type=\"widget\" data-e-type=\"widget\" data-widget_type=\"heading.default\">\n\t\t\t\t<div class=\"elementor-widget-container\">\n\t\t\t\t\t<h2 class=\"elementor-heading-title elementor-size-default\"><span>Wohnen und Leben im Gr\u00fcnen - Naturnaher Lifestyle und Ruhe<\/span><br> <br>Haus A2<br>Amselweg 2 - Baltersweiler\n<br style=\"font-weight: normal;line-height: normal;text-align: -webkit-auto\"><\/h2>\t\t\t\t<\/div>\n\t\t\t\t<\/div>\n\t\t\t\t\t<\/div>\n\t\t<\/div>\n\t\t\t\t\t<\/div>\n\t\t<\/section>\n\t\t\t\t<section class=\"elementor-section elementor-top-section elementor-element elementor-element-df2dd8c elementor-section-boxed elementor-section-height-default elementor-section-height-default wpr-particle-no wpr-jarallax-no wpr-parallax-no wpr-sticky-section-no wpr-equal-height-no\" data-id=\"df2dd8c\" data-element_type=\"section\" data-e-type=\"section\">\n\t\t\t\t\t\t<div class=\"elementor-container elementor-column-gap-default\">\n\t\t\t\t\t<div class=\"elementor-column elementor-col-100 elementor-top-column elementor-element elementor-element-14f118d\" data-id=\"14f118d\" data-element_type=\"column\" data-e-type=\"column\">\n\t\t\t<div class=\"elementor-widget-wrap elementor-element-populated\">\n\t\t\t\t\t\t<div class=\"elementor-element elementor-element-7a563d3 elementor-widget__width-initial elementor-widget elementor-widget-image\" data-id=\"7a563d3\" data-element_type=\"widget\" data-e-type=\"widget\" data-widget_type=\"image.default\">\n\t\t\t\t<div class=\"elementor-widget-container\">\n\t\t\t\t\t\t\t\t\t\t\t\t\t\t\t<img decoding=\"async\" width=\"1626\" height=\"773\" src=\"https:\/\/gwn-namborn.de\/wp-content\/uploads\/2025\/03\/Hausa2.png\" class=\"attachment-2048x2048 size-2048x2048 wp-image-1473\" alt=\"\" srcset=\"https:\/\/gwn-namborn.de\/wp-content\/uploads\/2025\/03\/Hausa2.png 1626w, https:\/\/gwn-namborn.de\/wp-content\/uploads\/2025\/03\/Hausa2-300x143.png 300w, https:\/\/gwn-namborn.de\/wp-content\/uploads\/2025\/03\/Hausa2-1024x487.png 1024w, https:\/\/gwn-namborn.de\/wp-content\/uploads\/2025\/03\/Hausa2-768x365.png 768w, https:\/\/gwn-namborn.de\/wp-content\/uploads\/2025\/03\/Hausa2-1536x730.png 1536w\" sizes=\"(max-width: 1626px) 100vw, 1626px\" \/>\t\t\t\t\t\t\t\t\t\t\t\t\t\t\t<\/div>\n\t\t\t\t<\/div>\n\t\t\t\t\t<\/div>\n\t\t<\/div>\n\t\t\t\t\t<\/div>\n\t\t<\/section>\n\t\t\t\t<section class=\"elementor-section elementor-top-section elementor-element elementor-element-4425d3b elementor-section-boxed elementor-section-height-default elementor-section-height-default wpr-particle-no wpr-jarallax-no wpr-parallax-no wpr-sticky-section-no wpr-equal-height-no\" data-id=\"4425d3b\" data-element_type=\"section\" data-e-type=\"section\">\n\t\t\t\t\t\t<div class=\"elementor-container elementor-column-gap-default\">\n\t\t\t\t\t<div class=\"elementor-column elementor-col-50 elementor-top-column elementor-element elementor-element-e1492ac\" data-id=\"e1492ac\" data-element_type=\"column\" data-e-type=\"column\">\n\t\t\t<div class=\"elementor-widget-wrap elementor-element-populated\">\n\t\t\t\t\t\t<div class=\"elementor-element elementor-element-c2961b4 elementor-widget elementor-widget-heading\" data-id=\"c2961b4\" data-element_type=\"widget\" data-e-type=\"widget\" data-widget_type=\"heading.default\">\n\t\t\t\t<div class=\"elementor-widget-container\">\n\t\t\t\t\t<h2 class=\"elementor-heading-title elementor-size-default\">Wohnen im Gr\u00fcnen<\/h2>\t\t\t\t<\/div>\n\t\t\t\t<\/div>\n\t\t\t\t<div class=\"elementor-element elementor-element-d37783e elementor-widget elementor-widget-text-editor\" data-id=\"d37783e\" data-element_type=\"widget\" data-e-type=\"widget\" data-widget_type=\"text-editor.default\">\n\t\t\t\t<div class=\"elementor-widget-container\">\n\t\t\t\t\t\t\t\t\t<p style=\"text-align: center;\">\u00a0<span class=\"fontstyle0\">Modernes, emotionales Wohnambiente am Waldrand von Baltersweiler<\/span> <\/p>\t\t\t\t\t\t\t\t<\/div>\n\t\t\t\t<\/div>\n\t\t\t\t\t<\/div>\n\t\t<\/div>\n\t\t\t\t<div class=\"elementor-column elementor-col-50 elementor-top-column elementor-element elementor-element-a19e7c8\" data-id=\"a19e7c8\" data-element_type=\"column\" data-e-type=\"column\">\n\t\t\t<div class=\"elementor-widget-wrap elementor-element-populated\">\n\t\t\t\t\t\t<div class=\"elementor-element elementor-element-6c43d6a elementor-widget elementor-widget-text-editor\" data-id=\"6c43d6a\" data-element_type=\"widget\" data-e-type=\"widget\" data-widget_type=\"text-editor.default\">\n\t\t\t\t<div class=\"elementor-widget-container\">\n\t\t\t\t\t\t\t\t\t<p style=\"text-align: center;\">Infoprospekt hier herunterladen:<\/p>\t\t\t\t\t\t\t\t<\/div>\n\t\t\t\t<\/div>\n\t\t\t\t<div class=\"elementor-element elementor-element-3431218 elementor-align-center elementor-widget elementor-widget-button\" data-id=\"3431218\" data-element_type=\"widget\" data-e-type=\"widget\" data-widget_type=\"button.default\">\n\t\t\t\t<div class=\"elementor-widget-container\">\n\t\t\t\t\t\t\t\t\t<div class=\"elementor-button-wrapper\">\n\t\t\t\t\t<a class=\"elementor-button elementor-button-link elementor-size-sm\" href=\"https:\/\/gwn-namborn.de\/wp-content\/uploads\/2025\/03\/Prospekt-A2_250215_2.pdf\">\n\t\t\t\t\t\t<span class=\"elementor-button-content-wrapper\">\n\t\t\t\t\t\t\t\t\t<span class=\"elementor-button-text\">Hier klicken<\/span>\n\t\t\t\t\t<\/span>\n\t\t\t\t\t<\/a>\n\t\t\t\t<\/div>\n\t\t\t\t\t\t\t\t<\/div>\n\t\t\t\t<\/div>\n\t\t\t\t\t<\/div>\n\t\t<\/div>\n\t\t\t\t\t<\/div>\n\t\t<\/section>\n\t\t\t\t<section class=\"elementor-section elementor-top-section elementor-element elementor-element-74a5b52 elementor-section-boxed elementor-section-height-default elementor-section-height-default wpr-particle-no wpr-jarallax-no wpr-parallax-no wpr-sticky-section-no wpr-equal-height-no\" data-id=\"74a5b52\" data-element_type=\"section\" data-e-type=\"section\">\n\t\t\t\t\t\t<div class=\"elementor-container elementor-column-gap-default\">\n\t\t\t\t\t<div class=\"elementor-column elementor-col-100 elementor-top-column elementor-element elementor-element-cd9cafa\" data-id=\"cd9cafa\" data-element_type=\"column\" data-e-type=\"column\">\n\t\t\t<div class=\"elementor-widget-wrap elementor-element-populated\">\n\t\t\t\t\t\t<div class=\"elementor-element elementor-element-a32356b elementor-widget elementor-widget-spacer\" data-id=\"a32356b\" data-element_type=\"widget\" data-e-type=\"widget\" data-widget_type=\"spacer.default\">\n\t\t\t\t<div class=\"elementor-widget-container\">\n\t\t\t\t\t\t\t<div class=\"elementor-spacer\">\n\t\t\t<div class=\"elementor-spacer-inner\"><\/div>\n\t\t<\/div>\n\t\t\t\t\t\t<\/div>\n\t\t\t\t<\/div>\n\t\t\t\t\t<\/div>\n\t\t<\/div>\n\t\t\t\t\t<\/div>\n\t\t<\/section>\n\t\t\t\t<\/div>\n\t\t","protected":false},"excerpt":{"rendered":"<p>Amselweg Amselweg OT Baltersweiler &#8364; wird noch bekanntgegeben Lassen Sie sich jetzt auf die Interessentenliste setzen: Bauplatz sichern Provisionsfrei Ohne Maklergeb\u00fchr 10 Baupl\u00e4tze in Planung ca. 6.600 m\u00b2 Plangebiet Interessentenliste verf\u00fcgbar Wohnen und Leben im Gr\u00fcnen &#8211; Naturnaher Lifestyle und Ruhe Haus A2Amselweg 2 &#8211; Baltersweiler Wohnen im Gr\u00fcnen \u00a0Modernes, emotionales Wohnambiente am Waldrand von Baltersweiler Infoprospekt hier herunterladen: Hier klicken<\/p>\n","protected":false},"author":1,"featured_media":0,"parent":0,"menu_order":0,"comment_status":"closed","ping_status":"closed","template":"elementor_canvas","meta":{"footnotes":""},"class_list":["post-1417","page","type-page","status-publish","hentry"],"jetpack_sharing_enabled":true,"_links":{"self":[{"href":"https:\/\/gwn-namborn.de\/index.php?rest_route=\/wp\/v2\/pages\/1417","targetHints":{"allow":["GET"]}}],"collection":[{"href":"https:\/\/gwn-namborn.de\/index.php?rest_route=\/wp\/v2\/pages"}],"about":[{"href":"https:\/\/gwn-namborn.de\/index.php?rest_route=\/wp\/v2\/types\/page"}],"author":[{"embeddable":true,"href":"https:\/\/gwn-namborn.de\/index.php?rest_route=\/wp\/v2\/users\/1"}],"replies":[{"embeddable":true,"href":"https:\/\/gwn-namborn.de\/index.php?rest_route=%2Fwp%2Fv2%2Fcomments&post=1417"}],"version-history":[{"count":22,"href":"https:\/\/gwn-namborn.de\/index.php?rest_route=\/wp\/v2\/pages\/1417\/revisions"}],"predecessor-version":[{"id":1486,"href":"https:\/\/gwn-namborn.de\/index.php?rest_route=\/wp\/v2\/pages\/1417\/revisions\/1486"}],"wp:attachment":[{"href":"https:\/\/gwn-namborn.de\/index.php?rest_route=%2Fwp%2Fv2%2Fmedia&parent=1417"}],"curies":[{"name":"wp","href":"https:\/\/api.w.org\/{rel}","templated":true}]}}